{"id":2515,"date":"2021-07-06T14:40:31","date_gmt":"2021-07-06T18:40:31","guid":{"rendered":"https:\/\/www.relancetageneration.org\/?post_type=product&#038;p=2515"},"modified":"2021-07-21T12:45:19","modified_gmt":"2021-07-21T16:45:19","slug":"livre-pourquoi","status":"publish","type":"product","link":"https:\/\/www.relancetageneration.org\/en\/produit\/livre-pourquoi\/","title":{"rendered":"Livre Pourquoi?"},"content":{"rendered":"","protected":false},"excerpt":{"rendered":"<p>Proverbe 19\u00a0: 21 dit \u00ab\u00a0il y a dans le c\u0153ur de l\u2019homme beaucoup de projets, mais c\u2019est le dessein de l\u2019\u00c9ternel qui s\u2019accomplit.\u00a0\u00bb La publication de \u00ab\u00a0Pourquoi\u00a0?\u00a0\u00bb est une preuve tangible de la Gr\u00e2ce de Dieu dans la vie de l\u2019auteure, et du fait qu\u2019il n\u2019existe finalement pas de hasard. Une gr\u00e2ce qui lui a permis de boucler la boucle avec ce moment de publication au centre de laquelle se trouvent les enfants. \u00ab\u00a0Pourquoi\u00a0?\u00a0\u00bb est le livre que l\u2019auteure aurait aim\u00e9 lire lorsqu\u2019elle \u00e9tait plus jeune.<\/p>\n<p>Bien qu\u2019il soit d\u00e9di\u00e9 aux enfants, les adultes seront \u00e9galement b\u00e9nis \u00a0par la sagesse qui en d\u00e9coule. Aussi, le fait qu\u2019elle ait utilis\u00e9 le pronom \u00ab\u00a0Je\u00a0\u00bb rend les affirmations plus personnelles chez le lecteur. Le souhait de l\u2019auteure est que pendant que les enfants assimilent leurs responsabilit\u00e9, \u00ab\u00a0Pourquoi\u00a0?\u00a0\u00bb leur apporte du support et des raisons de se tenir fermes.<\/p>\n","protected":false},"featured_media":2516,"template":"","meta":[],"product_brand":[],"product_cat":[36],"product_tag":[],"class_list":{"0":"post-2515","1":"product","2":"type-product","3":"status-publish","4":"has-post-thumbnail","6":"product_cat-livres","8":"first","9":"instock","10":"taxable","11":"shipping-taxable","12":"purchasable","13":"product-type-simple"},"yoast_head":"<!-- This site is optimized with the Yoast SEO plugin v26.7 - https:\/\/yoast.com\/wordpress\/plugins\/seo\/ -->\n<title>Livre Pourquoi? - Minist\u00e8re relance ta g\u00e9n\u00e9ration<\/title>\n<meta name=\"robots\" content=\"index, follow, max-snippet:-1, max-image-preview:large, max-video-preview:-1\" \/>\n<link rel=\"canonical\" href=\"https:\/\/www.relancetageneration.org\/en\/produit\/livre-pourquoi\/\" \/>\n<meta property=\"og:locale\" content=\"en_US\" \/>\n<meta property=\"og:type\" content=\"article\" \/>\n<meta property=\"og:title\" content=\"Livre Pourquoi? - Minist\u00e8re relance ta g\u00e9n\u00e9ration\" \/>\n<meta property=\"og:description\" content=\"Proverbe 19\u00a0: 21 dit \u00ab\u00a0il y a dans le c\u0153ur de l\u2019homme beaucoup de projets, mais c\u2019est le dessein de l\u2019\u00c9ternel qui s\u2019accomplit.\u00a0\u00bb La publication de \u00ab\u00a0Pourquoi\u00a0?\u00a0\u00bb est une preuve tangible de la Gr\u00e2ce de Dieu dans la vie de l\u2019auteure, et du fait qu\u2019il n\u2019existe finalement pas de hasard. Une gr\u00e2ce qui lui a permis de boucler la boucle avec ce moment de publication au centre de laquelle se trouvent les enfants. \u00ab\u00a0Pourquoi\u00a0?\u00a0\u00bb est le livre que l\u2019auteure aurait aim\u00e9 lire lorsqu\u2019elle \u00e9tait plus jeune.  Bien qu\u2019il soit d\u00e9di\u00e9 aux enfants, les adultes seront \u00e9galement b\u00e9nis \u00a0par la sagesse qui en d\u00e9coule. Aussi, le fait qu\u2019elle ait utilis\u00e9 le pronom \u00ab\u00a0Je\u00a0\u00bb rend les affirmations plus personnelles chez le lecteur. Le souhait de l\u2019auteure est que pendant que les enfants assimilent leurs responsabilit\u00e9, \u00ab\u00a0Pourquoi\u00a0?\u00a0\u00bb leur apporte du support et des raisons de se tenir fermes.\" \/>\n<meta property=\"og:url\" content=\"https:\/\/www.relancetageneration.org\/en\/produit\/livre-pourquoi\/\" \/>\n<meta property=\"og:site_name\" content=\"Minist\u00e8re relance ta g\u00e9n\u00e9ration\" \/>\n<meta property=\"article:modified_time\" content=\"2021-07-21T16:45:19+00:00\" \/>\n<meta property=\"og:image\" content=\"https:\/\/www.relancetageneration.org\/wp-content\/uploads\/2021\/07\/Livre-Fr.jpg\" \/>\n\t<meta property=\"og:image:width\" content=\"1639\" \/>\n\t<meta property=\"og:image:height\" content=\"2090\" \/>\n\t<meta property=\"og:image:type\" content=\"image\/jpeg\" \/>\n<meta name=\"twitter:card\" content=\"summary_large_image\" \/>\n<script type=\"application\/ld+json\" class=\"yoast-schema-graph\">{\"@context\":\"https:\/\/schema.org\",\"@graph\":[{\"@type\":\"WebPage\",\"@id\":\"https:\/\/www.relancetageneration.org\/en\/produit\/livre-pourquoi\/\",\"url\":\"https:\/\/www.relancetageneration.org\/en\/produit\/livre-pourquoi\/\",\"name\":\"Livre Pourquoi? - Minist\u00e8re relance ta g\u00e9n\u00e9ration\",\"isPartOf\":{\"@id\":\"https:\/\/www.relancetageneration.org\/en\/#website\"},\"primaryImageOfPage\":{\"@id\":\"https:\/\/www.relancetageneration.org\/en\/produit\/livre-pourquoi\/#primaryimage\"},\"image\":{\"@id\":\"https:\/\/www.relancetageneration.org\/en\/produit\/livre-pourquoi\/#primaryimage\"},\"thumbnailUrl\":\"https:\/\/www.relancetageneration.org\/wp-content\/uploads\/2021\/07\/Livre-Fr.jpg\",\"datePublished\":\"2021-07-06T18:40:31+00:00\",\"dateModified\":\"2021-07-21T16:45:19+00:00\",\"breadcrumb\":{\"@id\":\"https:\/\/www.relancetageneration.org\/en\/produit\/livre-pourquoi\/#breadcrumb\"},\"inLanguage\":\"en-US\",\"potentialAction\":[{\"@type\":\"ReadAction\",\"target\":[\"https:\/\/www.relancetageneration.org\/en\/produit\/livre-pourquoi\/\"]}]},{\"@type\":\"ImageObject\",\"inLanguage\":\"en-US\",\"@id\":\"https:\/\/www.relancetageneration.org\/en\/produit\/livre-pourquoi\/#primaryimage\",\"url\":\"https:\/\/www.relancetageneration.org\/wp-content\/uploads\/2021\/07\/Livre-Fr.jpg\",\"contentUrl\":\"https:\/\/www.relancetageneration.org\/wp-content\/uploads\/2021\/07\/Livre-Fr.jpg\",\"width\":1639,\"height\":2090,\"caption\":\"Livre Pourquoi?\"},{\"@type\":\"BreadcrumbList\",\"@id\":\"https:\/\/www.relancetageneration.org\/en\/produit\/livre-pourquoi\/#breadcrumb\",\"itemListElement\":[{\"@type\":\"ListItem\",\"position\":1,\"name\":\"Accueil\",\"item\":\"https:\/\/www.relancetageneration.org\/en\/\"},{\"@type\":\"ListItem\",\"position\":2,\"name\":\"Nos articles\",\"item\":\"https:\/\/www.relancetageneration.org\/fr\/nos-articles\/\"},{\"@type\":\"ListItem\",\"position\":3,\"name\":\"Livre Pourquoi?\"}]},{\"@type\":\"WebSite\",\"@id\":\"https:\/\/www.relancetageneration.org\/en\/#website\",\"url\":\"https:\/\/www.relancetageneration.org\/en\/\",\"name\":\"Minist\u00e8re relance ta g\u00e9n\u00e9ration\",\"description\":\"\",\"potentialAction\":[{\"@type\":\"SearchAction\",\"target\":{\"@type\":\"EntryPoint\",\"urlTemplate\":\"https:\/\/www.relancetageneration.org\/en\/?s={search_term_string}\"},\"query-input\":{\"@type\":\"PropertyValueSpecification\",\"valueRequired\":true,\"valueName\":\"search_term_string\"}}],\"inLanguage\":\"en-US\"}]}<\/script>\n<!-- \/ Yoast SEO plugin. -->","yoast_head_json":{"title":"Livre Pourquoi? - Minist\u00e8re relance ta g\u00e9n\u00e9ration","robots":{"index":"index","follow":"follow","max-snippet":"max-snippet:-1","max-image-preview":"max-image-preview:large","max-video-preview":"max-video-preview:-1"},"canonical":"https:\/\/www.relancetageneration.org\/en\/produit\/livre-pourquoi\/","og_locale":"en_US","og_type":"article","og_title":"Livre Pourquoi? - Minist\u00e8re relance ta g\u00e9n\u00e9ration","og_description":"Proverbe 19\u00a0: 21 dit \u00ab\u00a0il y a dans le c\u0153ur de l\u2019homme beaucoup de projets, mais c\u2019est le dessein de l\u2019\u00c9ternel qui s\u2019accomplit.\u00a0\u00bb La publication de \u00ab\u00a0Pourquoi\u00a0?\u00a0\u00bb est une preuve tangible de la Gr\u00e2ce de Dieu dans la vie de l\u2019auteure, et du fait qu\u2019il n\u2019existe finalement pas de hasard. Une gr\u00e2ce qui lui a permis de boucler la boucle avec ce moment de publication au centre de laquelle se trouvent les enfants. \u00ab\u00a0Pourquoi\u00a0?\u00a0\u00bb est le livre que l\u2019auteure aurait aim\u00e9 lire lorsqu\u2019elle \u00e9tait plus jeune.  Bien qu\u2019il soit d\u00e9di\u00e9 aux enfants, les adultes seront \u00e9galement b\u00e9nis \u00a0par la sagesse qui en d\u00e9coule. Aussi, le fait qu\u2019elle ait utilis\u00e9 le pronom \u00ab\u00a0Je\u00a0\u00bb rend les affirmations plus personnelles chez le lecteur. Le souhait de l\u2019auteure est que pendant que les enfants assimilent leurs responsabilit\u00e9, \u00ab\u00a0Pourquoi\u00a0?\u00a0\u00bb leur apporte du support et des raisons de se tenir fermes.","og_url":"https:\/\/www.relancetageneration.org\/en\/produit\/livre-pourquoi\/","og_site_name":"Minist\u00e8re relance ta g\u00e9n\u00e9ration","article_modified_time":"2021-07-21T16:45:19+00:00","og_image":[{"width":1639,"height":2090,"url":"https:\/\/www.relancetageneration.org\/wp-content\/uploads\/2021\/07\/Livre-Fr.jpg","type":"image\/jpeg"}],"twitter_card":"summary_large_image","schema":{"@context":"https:\/\/schema.org","@graph":[{"@type":"WebPage","@id":"https:\/\/www.relancetageneration.org\/en\/produit\/livre-pourquoi\/","url":"https:\/\/www.relancetageneration.org\/en\/produit\/livre-pourquoi\/","name":"Livre Pourquoi? - Minist\u00e8re relance ta g\u00e9n\u00e9ration","isPartOf":{"@id":"https:\/\/www.relancetageneration.org\/en\/#website"},"primaryImageOfPage":{"@id":"https:\/\/www.relancetageneration.org\/en\/produit\/livre-pourquoi\/#primaryimage"},"image":{"@id":"https:\/\/www.relancetageneration.org\/en\/produit\/livre-pourquoi\/#primaryimage"},"thumbnailUrl":"https:\/\/www.relancetageneration.org\/wp-content\/uploads\/2021\/07\/Livre-Fr.jpg","datePublished":"2021-07-06T18:40:31+00:00","dateModified":"2021-07-21T16:45:19+00:00","breadcrumb":{"@id":"https:\/\/www.relancetageneration.org\/en\/produit\/livre-pourquoi\/#breadcrumb"},"inLanguage":"en-US","potentialAction":[{"@type":"ReadAction","target":["https:\/\/www.relancetageneration.org\/en\/produit\/livre-pourquoi\/"]}]},{"@type":"ImageObject","inLanguage":"en-US","@id":"https:\/\/www.relancetageneration.org\/en\/produit\/livre-pourquoi\/#primaryimage","url":"https:\/\/www.relancetageneration.org\/wp-content\/uploads\/2021\/07\/Livre-Fr.jpg","contentUrl":"https:\/\/www.relancetageneration.org\/wp-content\/uploads\/2021\/07\/Livre-Fr.jpg","width":1639,"height":2090,"caption":"Livre Pourquoi?"},{"@type":"BreadcrumbList","@id":"https:\/\/www.relancetageneration.org\/en\/produit\/livre-pourquoi\/#breadcrumb","itemListElement":[{"@type":"ListItem","position":1,"name":"Accueil","item":"https:\/\/www.relancetageneration.org\/en\/"},{"@type":"ListItem","position":2,"name":"Nos articles","item":"https:\/\/www.relancetageneration.org\/fr\/nos-articles\/"},{"@type":"ListItem","position":3,"name":"Livre Pourquoi?"}]},{"@type":"WebSite","@id":"https:\/\/www.relancetageneration.org\/en\/#website","url":"https:\/\/www.relancetageneration.org\/en\/","name":"Minist\u00e8re relance ta g\u00e9n\u00e9ration","description":"","potentialAction":[{"@type":"SearchAction","target":{"@type":"EntryPoint","urlTemplate":"https:\/\/www.relancetageneration.org\/en\/?s={search_term_string}"},"query-input":{"@type":"PropertyValueSpecification","valueRequired":true,"valueName":"search_term_string"}}],"inLanguage":"en-US"}]}},"_links":{"self":[{"href":"https:\/\/www.relancetageneration.org\/en\/wp-json\/wp\/v2\/product\/2515","targetHints":{"allow":["GET"]}}],"collection":[{"href":"https:\/\/www.relancetageneration.org\/en\/wp-json\/wp\/v2\/product"}],"about":[{"href":"https:\/\/www.relancetageneration.org\/en\/wp-json\/wp\/v2\/types\/product"}],"wp:featuredmedia":[{"embeddable":true,"href":"https:\/\/www.relancetageneration.org\/en\/wp-json\/wp\/v2\/media\/2516"}],"wp:attachment":[{"href":"https:\/\/www.relancetageneration.org\/en\/wp-json\/wp\/v2\/media?parent=2515"}],"wp:term":[{"taxonomy":"product_brand","embeddable":true,"href":"https:\/\/www.relancetageneration.org\/en\/wp-json\/wp\/v2\/product_brand?post=2515"},{"taxonomy":"product_cat","embeddable":true,"href":"https:\/\/www.relancetageneration.org\/en\/wp-json\/wp\/v2\/product_cat?post=2515"},{"taxonomy":"product_tag","embeddable":true,"href":"https:\/\/www.relancetageneration.org\/en\/wp-json\/wp\/v2\/product_tag?post=2515"}],"curies":[{"name":"wp","href":"https:\/\/api.w.org\/{rel}","templated":true}]}}