{"id":2525,"date":"2021-07-06T14:48:10","date_gmt":"2021-07-06T18:48:10","guid":{"rendered":"https:\/\/www.relancetageneration.org\/produit\/why-book\/"},"modified":"2021-07-21T12:44:16","modified_gmt":"2021-07-21T16:44:16","slug":"why-book","status":"publish","type":"product","link":"https:\/\/www.relancetageneration.org\/en\/produit\/why-book\/","title":{"rendered":"Why? book"},"content":{"rendered":"","protected":false},"excerpt":{"rendered":"<p>Proverbs 19: 21 states \u201cmany are the plans in a man\u2019s heart, but it is the Lord\u2019s purpose that prevails\u201d The publication of \u00ab\u00a0Why\u00a0?\u00a0\u00bb is nothing short of God\u2019s miracle in the author\u2019s life, and the indisputable fact that nothing just happens. As incredulous as she used to be, the Grace of God has brought her full circle into this moment, with children at the center of it all. \u201cWhy?\u201d is the book that the author wishes she had read when she was growing up.<\/p>\n<p>Though it is dedicated to children, any adult will also be blessed by the wisdom and self-love that flows from the pages. Also, the fact the she used the pronoun \u201cI\u201d makes the affirmations even more meaningful to the reader. Her hope is that, as children understand early on that they are responsible for the life they dream to live, \u201cWhy?\u201d gives them plenty reasons to stand in their own Power.<\/p>\n","protected":false},"featured_media":2522,"template":"","meta":[],"product_brand":[],"product_cat":[56],"product_tag":[],"class_list":{"0":"post-2525","1":"product","2":"type-product","3":"status-publish","4":"has-post-thumbnail","6":"product_cat-livres-en","8":"first","9":"instock","10":"taxable","11":"shipping-taxable","12":"purchasable","13":"product-type-simple"},"yoast_head":"<!-- This site is optimized with the Yoast SEO plugin v26.7 - https:\/\/yoast.com\/wordpress\/plugins\/seo\/ -->\n<title>Why? book - Minist\u00e8re relance ta g\u00e9n\u00e9ration<\/title>\n<meta name=\"robots\" content=\"index, follow, max-snippet:-1, max-image-preview:large, max-video-preview:-1\" \/>\n<link rel=\"canonical\" href=\"https:\/\/www.relancetageneration.org\/en\/produit\/why-book\/\" \/>\n<meta property=\"og:locale\" content=\"en_US\" \/>\n<meta property=\"og:type\" content=\"article\" \/>\n<meta property=\"og:title\" content=\"Why? book - Minist\u00e8re relance ta g\u00e9n\u00e9ration\" \/>\n<meta property=\"og:description\" content=\"Proverbs 19: 21 states \u201cmany are the plans in a man\u2019s heart, but it is the Lord\u2019s purpose that prevails\u201d The publication of \u00ab\u00a0Why\u00a0?\u00a0\u00bb is nothing short of God\u2019s miracle in the author\u2019s life, and the indisputable fact that nothing just happens. As incredulous as she used to be, the Grace of God has brought her full circle into this moment, with children at the center of it all. \u201cWhy?\u201d is the book that the author wishes she had read when she was growing up.  Though it is dedicated to children, any adult will also be blessed by the wisdom and self-love that flows from the pages. Also, the fact the she used the pronoun \u201cI\u201d makes the affirmations even more meaningful to the reader. Her hope is that, as children understand early on that they are responsible for the life they dream to live, \u201cWhy?\u201d gives them plenty reasons to stand in their own Power.\" \/>\n<meta property=\"og:url\" content=\"https:\/\/www.relancetageneration.org\/en\/produit\/why-book\/\" \/>\n<meta property=\"og:site_name\" content=\"Minist\u00e8re relance ta g\u00e9n\u00e9ration\" \/>\n<meta property=\"article:modified_time\" content=\"2021-07-21T16:44:16+00:00\" \/>\n<meta property=\"og:image\" content=\"https:\/\/www.relancetageneration.org\/wp-content\/uploads\/2021\/07\/DSC02162.jpg\" \/>\n\t<meta property=\"og:image:width\" content=\"1658\" \/>\n\t<meta property=\"og:image:height\" content=\"2066\" \/>\n\t<meta property=\"og:image:type\" content=\"image\/jpeg\" \/>\n<meta name=\"twitter:card\" content=\"summary_large_image\" \/>\n<script type=\"application\/ld+json\" class=\"yoast-schema-graph\">{\"@context\":\"https:\/\/schema.org\",\"@graph\":[{\"@type\":\"WebPage\",\"@id\":\"https:\/\/www.relancetageneration.org\/en\/produit\/why-book\/\",\"url\":\"https:\/\/www.relancetageneration.org\/en\/produit\/why-book\/\",\"name\":\"Why? book - Minist\u00e8re relance ta g\u00e9n\u00e9ration\",\"isPartOf\":{\"@id\":\"https:\/\/www.relancetageneration.org\/en\/#website\"},\"primaryImageOfPage\":{\"@id\":\"https:\/\/www.relancetageneration.org\/en\/produit\/why-book\/#primaryimage\"},\"image\":{\"@id\":\"https:\/\/www.relancetageneration.org\/en\/produit\/why-book\/#primaryimage\"},\"thumbnailUrl\":\"https:\/\/www.relancetageneration.org\/wp-content\/uploads\/2021\/07\/DSC02162.jpg\",\"datePublished\":\"2021-07-06T18:48:10+00:00\",\"dateModified\":\"2021-07-21T16:44:16+00:00\",\"breadcrumb\":{\"@id\":\"https:\/\/www.relancetageneration.org\/en\/produit\/why-book\/#breadcrumb\"},\"inLanguage\":\"en-US\",\"potentialAction\":[{\"@type\":\"ReadAction\",\"target\":[\"https:\/\/www.relancetageneration.org\/en\/produit\/why-book\/\"]}]},{\"@type\":\"ImageObject\",\"inLanguage\":\"en-US\",\"@id\":\"https:\/\/www.relancetageneration.org\/en\/produit\/why-book\/#primaryimage\",\"url\":\"https:\/\/www.relancetageneration.org\/wp-content\/uploads\/2021\/07\/DSC02162.jpg\",\"contentUrl\":\"https:\/\/www.relancetageneration.org\/wp-content\/uploads\/2021\/07\/DSC02162.jpg\",\"width\":1658,\"height\":2066},{\"@type\":\"BreadcrumbList\",\"@id\":\"https:\/\/www.relancetageneration.org\/en\/produit\/why-book\/#breadcrumb\",\"itemListElement\":[{\"@type\":\"ListItem\",\"position\":1,\"name\":\"Accueil\",\"item\":\"https:\/\/www.relancetageneration.org\/en\/\"},{\"@type\":\"ListItem\",\"position\":2,\"name\":\"Nos articles\",\"item\":\"https:\/\/www.relancetageneration.org\/fr\/nos-articles\/\"},{\"@type\":\"ListItem\",\"position\":3,\"name\":\"Why? book\"}]},{\"@type\":\"WebSite\",\"@id\":\"https:\/\/www.relancetageneration.org\/en\/#website\",\"url\":\"https:\/\/www.relancetageneration.org\/en\/\",\"name\":\"Minist\u00e8re relance ta g\u00e9n\u00e9ration\",\"description\":\"\",\"potentialAction\":[{\"@type\":\"SearchAction\",\"target\":{\"@type\":\"EntryPoint\",\"urlTemplate\":\"https:\/\/www.relancetageneration.org\/en\/?s={search_term_string}\"},\"query-input\":{\"@type\":\"PropertyValueSpecification\",\"valueRequired\":true,\"valueName\":\"search_term_string\"}}],\"inLanguage\":\"en-US\"}]}<\/script>\n<!-- \/ Yoast SEO plugin. -->","yoast_head_json":{"title":"Why? book - Minist\u00e8re relance ta g\u00e9n\u00e9ration","robots":{"index":"index","follow":"follow","max-snippet":"max-snippet:-1","max-image-preview":"max-image-preview:large","max-video-preview":"max-video-preview:-1"},"canonical":"https:\/\/www.relancetageneration.org\/en\/produit\/why-book\/","og_locale":"en_US","og_type":"article","og_title":"Why? book - Minist\u00e8re relance ta g\u00e9n\u00e9ration","og_description":"Proverbs 19: 21 states \u201cmany are the plans in a man\u2019s heart, but it is the Lord\u2019s purpose that prevails\u201d The publication of \u00ab\u00a0Why\u00a0?\u00a0\u00bb is nothing short of God\u2019s miracle in the author\u2019s life, and the indisputable fact that nothing just happens. As incredulous as she used to be, the Grace of God has brought her full circle into this moment, with children at the center of it all. \u201cWhy?\u201d is the book that the author wishes she had read when she was growing up.  Though it is dedicated to children, any adult will also be blessed by the wisdom and self-love that flows from the pages. Also, the fact the she used the pronoun \u201cI\u201d makes the affirmations even more meaningful to the reader. Her hope is that, as children understand early on that they are responsible for the life they dream to live, \u201cWhy?\u201d gives them plenty reasons to stand in their own Power.","og_url":"https:\/\/www.relancetageneration.org\/en\/produit\/why-book\/","og_site_name":"Minist\u00e8re relance ta g\u00e9n\u00e9ration","article_modified_time":"2021-07-21T16:44:16+00:00","og_image":[{"width":1658,"height":2066,"url":"https:\/\/www.relancetageneration.org\/wp-content\/uploads\/2021\/07\/DSC02162.jpg","type":"image\/jpeg"}],"twitter_card":"summary_large_image","schema":{"@context":"https:\/\/schema.org","@graph":[{"@type":"WebPage","@id":"https:\/\/www.relancetageneration.org\/en\/produit\/why-book\/","url":"https:\/\/www.relancetageneration.org\/en\/produit\/why-book\/","name":"Why? book - Minist\u00e8re relance ta g\u00e9n\u00e9ration","isPartOf":{"@id":"https:\/\/www.relancetageneration.org\/en\/#website"},"primaryImageOfPage":{"@id":"https:\/\/www.relancetageneration.org\/en\/produit\/why-book\/#primaryimage"},"image":{"@id":"https:\/\/www.relancetageneration.org\/en\/produit\/why-book\/#primaryimage"},"thumbnailUrl":"https:\/\/www.relancetageneration.org\/wp-content\/uploads\/2021\/07\/DSC02162.jpg","datePublished":"2021-07-06T18:48:10+00:00","dateModified":"2021-07-21T16:44:16+00:00","breadcrumb":{"@id":"https:\/\/www.relancetageneration.org\/en\/produit\/why-book\/#breadcrumb"},"inLanguage":"en-US","potentialAction":[{"@type":"ReadAction","target":["https:\/\/www.relancetageneration.org\/en\/produit\/why-book\/"]}]},{"@type":"ImageObject","inLanguage":"en-US","@id":"https:\/\/www.relancetageneration.org\/en\/produit\/why-book\/#primaryimage","url":"https:\/\/www.relancetageneration.org\/wp-content\/uploads\/2021\/07\/DSC02162.jpg","contentUrl":"https:\/\/www.relancetageneration.org\/wp-content\/uploads\/2021\/07\/DSC02162.jpg","width":1658,"height":2066},{"@type":"BreadcrumbList","@id":"https:\/\/www.relancetageneration.org\/en\/produit\/why-book\/#breadcrumb","itemListElement":[{"@type":"ListItem","position":1,"name":"Accueil","item":"https:\/\/www.relancetageneration.org\/en\/"},{"@type":"ListItem","position":2,"name":"Nos articles","item":"https:\/\/www.relancetageneration.org\/fr\/nos-articles\/"},{"@type":"ListItem","position":3,"name":"Why? book"}]},{"@type":"WebSite","@id":"https:\/\/www.relancetageneration.org\/en\/#website","url":"https:\/\/www.relancetageneration.org\/en\/","name":"Minist\u00e8re relance ta g\u00e9n\u00e9ration","description":"","potentialAction":[{"@type":"SearchAction","target":{"@type":"EntryPoint","urlTemplate":"https:\/\/www.relancetageneration.org\/en\/?s={search_term_string}"},"query-input":{"@type":"PropertyValueSpecification","valueRequired":true,"valueName":"search_term_string"}}],"inLanguage":"en-US"}]}},"_links":{"self":[{"href":"https:\/\/www.relancetageneration.org\/en\/wp-json\/wp\/v2\/product\/2525","targetHints":{"allow":["GET"]}}],"collection":[{"href":"https:\/\/www.relancetageneration.org\/en\/wp-json\/wp\/v2\/product"}],"about":[{"href":"https:\/\/www.relancetageneration.org\/en\/wp-json\/wp\/v2\/types\/product"}],"wp:featuredmedia":[{"embeddable":true,"href":"https:\/\/www.relancetageneration.org\/en\/wp-json\/wp\/v2\/media\/2522"}],"wp:attachment":[{"href":"https:\/\/www.relancetageneration.org\/en\/wp-json\/wp\/v2\/media?parent=2525"}],"wp:term":[{"taxonomy":"product_brand","embeddable":true,"href":"https:\/\/www.relancetageneration.org\/en\/wp-json\/wp\/v2\/product_brand?post=2525"},{"taxonomy":"product_cat","embeddable":true,"href":"https:\/\/www.relancetageneration.org\/en\/wp-json\/wp\/v2\/product_cat?post=2525"},{"taxonomy":"product_tag","embeddable":true,"href":"https:\/\/www.relancetageneration.org\/en\/wp-json\/wp\/v2\/product_tag?post=2525"}],"curies":[{"name":"wp","href":"https:\/\/api.w.org\/{rel}","templated":true}]}}