{"id":2965,"date":"2021-08-26T14:04:33","date_gmt":"2021-08-26T18:04:33","guid":{"rendered":"https:\/\/www.relancetageneration.org\/?page_id=2965"},"modified":"2024-04-16T13:34:06","modified_gmt":"2024-04-16T17:34:06","slug":"conditions-d-utilisation","status":"publish","type":"page","link":"https:\/\/www.relancetageneration.org\/fr\/conditions-d-utilisation\/","title":{"rendered":"Conditions g\u00e9n\u00e9rales d&rsquo;utilisation du site"},"content":{"rendered":"<div class=\"fusion-fullwidth fullwidth-box fusion-builder-row-1 fusion-flex-container nonhundred-percent-fullwidth non-hundred-percent-height-scrolling\" style=\"--awb-border-radius-top-left:0px;--awb-border-radius-top-right:0px;--awb-border-radius-bottom-right:0px;--awb-border-radius-bottom-left:0px;--awb-flex-wrap:wrap;\" ><div class=\"fusion-builder-row fusion-row fusion-flex-align-items-flex-start fusion-flex-content-wrap\" style=\"max-width:1352px;margin-left: calc(-4% \/ 2 );margin-right: calc(-4% \/ 2 );\"><div class=\"fusion-layout-column fusion_builder_column fusion-builder-column-0 fusion_builder_column_1_1 1_1 fusion-flex-column\" style=\"--awb-bg-size:cover;--awb-width-large:100%;--awb-margin-top-large:0px;--awb-spacing-right-large:1.92%;--awb-margin-bottom-large:20px;--awb-spacing-left-large:1.92%;--awb-width-medium:100%;--awb-order-medium:0;--awb-spacing-right-medium:1.92%;--awb-spacing-left-medium:1.92%;--awb-width-small:100%;--awb-order-small:0;--awb-spacing-right-small:1.92%;--awb-spacing-left-small:1.92%;\"><div class=\"fusion-column-wrapper fusion-column-has-shadow fusion-flex-justify-content-flex-start fusion-content-layout-column\"><div class=\"fusion-text fusion-text-1\"><h1>Conditions g\u00e9n\u00e9rales d&rsquo;utilisation du site<\/h1>\n<h2>1. INTRODUCTION<\/h2>\n<p>Merci de lire attentivement les pr\u00e9sentes conditions g\u00e9n\u00e9rales avant d\u2019utiliser le pr\u00e9sent site www.relancetageneration.org (ci-apr\u00e8s, le \u00ab Site \u00bb).<\/p>\n<p>Les pr\u00e9sentes conditions d\u2019utilisation (ci-apr\u00e8s les \u00ab <strong>Conditions d\u2019utilisation<\/strong> \u00bb) expliquent sous quelles conditions les Utilisateurs peuvent faire usage notre plateforme notamment pour une connaissance de nos formations, heures de culte, programme d\u2019\u00e9vang\u00e9lisation, organisation de don dans le cadre de notre offre communautaire ainsi que l\u2019acquisition des services et produits que nous offrons.<\/p>\n<p>Si vous n\u2019adh\u00e9rez pas \u00e0 nos termes et conditions d\u2019utilisation, en tout ou en partie, veuillez cesser imm\u00e9diatement toute utilisation de la Plateforme et nous en aviser par courriel : <a href=\"mailto:info@relancetageneration.org\">info@relancetageneration.org<\/a>.<\/p>\n<p>En cas de probl\u00e8me technique, nous vous invitons \u00e0 communiquer avec nous par courriel \u00e0 <a href=\"mailto:info@relancetageneration.org\">info@relancetageneration.org<\/a>.<\/p>\n<h2>2. D\u00c9FINITION<\/h2>\n<p>Sauf informations ou d\u00e9finitions \u00e0 l\u2019effet contraire, les mots et expressions suivants doivent \u00eatre interpr\u00e9t\u00e9es comme suit:<\/p>\n<ul>\n<li>\u00ab Conditions d\u2019utilisation \u00bb : signifie le pr\u00e9sent document auquel s\u2019ajoute la Politique de confidentialit\u00e9 de m\u00eame que toutes les modifications qui peuvent y \u00eatre apport\u00e9s;<\/li>\n<li>\u00ab Nous \u00bb : signifie le minist\u00e8re Relance Ta G\u00e9n\u00e9ration;<\/li>\n<li>\u00ab Plateforme \u00bb : le pr\u00e9sent site internet www.relancetageneration.org;<\/li>\n<li>\u00ab Politique de confidentialit\u00e9 \u00bb : signifie le document accessible ici et faisant partie int\u00e9grante des Conditions d\u2019utilisation, de m\u00eame que toutes les modifications qui peuvent y \u00eatre apport\u00e9es;<\/li>\n<li>\u00ab Utilisateur \u00bb : toute personne qui utilise notre plateforme.<\/li>\n<\/ul>\n<h2>3. PROPRI\u00c9T\u00c9 DU SITE INTERNET<\/h2>\n<p>Relance Ta G\u00e9n\u00e9ration est propri\u00e9taire du pr\u00e9sent site et d\u00fbment autoris\u00e9e \u00e0 utiliser tous les droits, titres et int\u00e9r\u00eats aff\u00e9rents au Site. La totalit\u00e9 des \u00e9l\u00e9ments pr\u00e9sent\u00e9s sur ce site internet, comprenant le contenu, la conception du site, les textes, les photos, les sons, les marques de commerce le cas \u00e9ch\u00e9ant, nom commercial, logo, sigle, signes et tout autre contenu du Site sont la propri\u00e9t\u00e9 de<\/p>\n<p>Relance Ta G\u00e9n\u00e9ration et soumis notamment \u00e0 la Loi sur la propri\u00e9t\u00e9 intellectuelle. Vous vous engagez \u00e0 obtenir l&rsquo;autorisation pr\u00e9alable de Relance Ta G\u00e9n\u00e9ration pour toute reproduction, publication ou copie des diff\u00e9rents contenus. Le site www.relancetageneration.org est g\u00e9r\u00e9 et entretenu par Relance Ta G\u00e9n\u00e9ration et h\u00e9berg\u00e9 chez Wenovio.<\/p>\n<h2>4. CONDITIONS D\u2019UTILISATION<\/h2>\n<p>Relance Ta G\u00e9n\u00e9ration est une \u00c9glise multiculturelle ayant un mandat apostolique, proph\u00e9tique et formateur. Elle participe \u00e0 la d\u00e9couverte de l\u2019identit\u00e9 en Christ de ses membres et \u00e0 leur \u00e9panouissement dans le Royaume de Dieu pour l\u2019\u00e9dification du corps du Christ. L\u2019Utilisateur trouvera sur notre Site notamment nos messages d\u2019\u00e9vang\u00e9lisation ainsi que les formations proph\u00e9tiques, formations sur le mariage et autres, que nous offrons pour \u00e9duquer le corps de Christ. L\u2019Utilisateur trouvera \u00e9galement les t\u00e9moignages de personnes transform\u00e9es par la Parole et l\u2019amour de Dieu. L\u2019ensemble des informations que l\u2019Utilisateur trouve sur le Site est la propri\u00e9t\u00e9 exclusive de Relance ta G\u00e9n\u00e9ration et ne peut \u00eatre utilis\u00e9 \u00e0 d\u2019autres fins ou hors de leur contexte en vue de d\u00e9former le message d\u2019\u00e9vang\u00e9lisation, d\u2019amour et paix que nous proclamons.<\/p>\n<h2>5. PORT\u00c9E DES CONDITIONS D\u2019UTILISATION<\/h2>\n<p>Le pr\u00e9sent document contient les Conditions qui r\u00e9gissent l\u2019utilisation du Site, ainsi que toutes les applications et services offerts par le biais des transactions faites sur ce dernier.<\/p>\n<h2>6. ADMISSIBILIT\u00c9 DE L\u2019UTILISATEUR<\/h2>\n<p>L\u2019Utilisateur doit avoir la capacit\u00e9 juridique, c\u2019est-\u00e0-dire avoir au moins dix-huit (18) ans pour consentir aux pr\u00e9sentes conditions d\u2019utilisation et doit \u00eatre une personne physique consentant en son propre nom et pour son compte ou une personne morale d\u00fbment repr\u00e9sent\u00e9e par une personne en position et autorit\u00e9 de le faire (administrateur ou actionnaire d\u00fbment autoris\u00e9) et ce, en consid\u00e9ration de la loi qui r\u00e9git son lieu de domicile.<\/p>\n<p>Falsifier une identit\u00e9 pour utiliser notre Site est consid\u00e9r\u00e9 comme une violation des pr\u00e9sentes conditions d\u2019utilisation. Il peut en r\u00e9sulter une expulsion totale et permanente, irr\u00e9vocable en plus de poursuites civiles ou p\u00e9nales advenant un pr\u00e9judice souffert par Relance Ta G\u00e9n\u00e9ration ou tout autre Utilisateur.<\/p>\n<h2>7. DROITS D\u2019AUTEUR ET MARQUES DE COMMERCE<\/h2>\n<p>L\u2019utilisateur reconnait que les renseignements, les documents, les images, les marques de commerce, les services et autres \u00e9l\u00e9ments publi\u00e9s sur le Site (collectivement l\u2019\u00ab Information \u00bb), ce qui inclut sans s\u2019y limiter la pr\u00e9sentation et la disposition de telle Information sur le Site, ainsi que toute information lui \u00e9tant reli\u00e9e, sont la propri\u00e9t\u00e9 exclusive de Relance Ta G\u00e9n\u00e9ration. Toute utilisation de l\u2019Information est interdite sans l\u2019autorisation pr\u00e9alable \u00e9crite de Relance Ta G\u00e9n\u00e9ration. Sauf dans le cas pr\u00e9cis o\u00f9 le Site octroie \u00e0 une personne une licence \u00e9crite d\u2019utilisation de l\u2019Information, aucune licence d\u2019utilisation ou autre droit, expr\u00e8s ou implicite, n\u2019est accord\u00e9e \u00e0 qui que ce soit.<\/p>\n<p>Plus sp\u00e9cifiquement, l\u2019utilisation du Site n\u2019octroie aucun droit, titre ou int\u00e9r\u00eat de quelque nature que ce soit vis-\u00e0-vis de l\u2019Information, ce qui inclut notamment les logos et les autres marques lui appartenant, Relance Ta G\u00e9n\u00e9ration se r\u00e9servant l\u2019int\u00e9gralit\u00e9 des droits de propri\u00e9t\u00e9 intellectuelle reli\u00e9s \u00e0 l\u2019Information.<\/p>\n<p>L\u2019Utilisateur reconnait que les produits, services et les documents disponibles gratuitement ou \u00e0 titre on\u00e9reux en ligne sont la propri\u00e9t\u00e9 exclusive du Site ou de son auteur, et que t\u00e9l\u00e9charger ses \u00e9l\u00e9ments, de mani\u00e8re gratuite ou payante, n\u2019accorde en aucun cas un droit \u00e0 l\u2019Utilisateur de le reproduire, le distribuer ou le (re)vendre.<\/p>\n<p>Reproduire, copier, manipuler, ou vendre les produits d\u00e9riv\u00e9s, les services et les documents du Site sans le consentement \u00e9crit pr\u00e9alable du propri\u00e9taire l\u00e9gal de ces produits et\/ou services d\u00e9riv\u00e9s, pourrait entra\u00eener des poursuites civiles ou p\u00e9nales.<\/p>\n<p>L\u2019utilisateur reconna\u00eet et accepte que Relance Ta G\u00e9n\u00e9ration poss\u00e8de tout droit, titre et int\u00e9r\u00eat sur le pr\u00e9sent site, incluant tout droit de propri\u00e9t\u00e9 intellectuelle, que ces droits soient enregistr\u00e9s ou non et quel que soit l\u2019endroit o\u00f9 ils existent. Toutefois, Relance Ta G\u00e9n\u00e9ration ne d\u00e9tient aucun droit relativement aux livres ou oeuvres artistiques que leurs auteurs conservent sur ces derniers.<\/p>\n<h2>8. RESTRICTIONS D\u2019UTILISATION DE L\u2019INFORMATION<\/h2>\n<p>Aucune Information tir\u00e9e du Site ne peut \u00eatre copi\u00e9e, reproduite, publi\u00e9e, affich\u00e9e, transmise ou distribu\u00e9e par quelque moyen que ce soit, \u00e0 l\u2019exception d\u2019un t\u00e9l\u00e9chargement d\u2019une copie unique de l\u2019Information sur un seul ordinateur, pour un usage strictement personnel et non commercial.<\/p>\n<p>Toute autre utilisation de l\u2019Information doit pr\u00e9alablement avoir \u00e9t\u00e9 autoris\u00e9e par \u00e9crit par Relance Ta G\u00e9n\u00e9ration. Toute modification de l\u2019Information ou toute utilisation de cette Information pour toutes autres fins constitue une violation des droits d\u2019auteur et des autres droits de propri\u00e9t\u00e9 du Site. En particulier, l\u2019utilisation de l\u2019Information sur un autre site Internet ou dans un environnement informatique en r\u00e9seau est interdite, \u00e0 moins que Nous n\u2019y consentons par \u00e9crit. L\u2019Utilisateur doit nous contacter afin d\u2019obtenir le consentement requis et\/ou afin d\u2019obtenir des informations suppl\u00e9mentaires sur l\u2019octroi d\u2019en tel consentement, et ce, en s\u2019adressant par courriel \u00e0 <a href=\"mailto:info@relancetageneration.org\">info@relancetageneration.org<\/a>.<\/p>\n<p>Dans l\u2019\u00e9ventualit\u00e9 o\u00f9 le Relance Ta G\u00e9n\u00e9ration accordait \u00e0 un utilisateur un droit d\u2019utilisation de l\u2019Information, cette utilisation est assujettie aux conditions suivantes :<\/p>\n<ul style=\"list-style-type: none;\">\n<li>(i) Elle doit \u00eatre r\u00e9f\u00e9renc\u00e9e comme suit : \u00ab Reproduction autoris\u00e9e par le Site de Relance Ta G\u00e9n\u00e9ration : www.relancetageneration.org. Tous droits r\u00e9serv\u00e9s. \u00bb ;<\/li>\n<li>(ii) Toutes les mentions de droits d\u2019auteur ou de tout autre droit de propri\u00e9t\u00e9 doivent \u00eatre conserv\u00e9es intactes ;<\/li>\n<li>(iii) L\u2019Information ne peut \u00eatre manipul\u00e9e ou modifi\u00e9e d\u2019aucune mani\u00e8re ; et<\/li>\n<li>(iv) Aucun graphique ou dessin ne peut \u00eatre utilis\u00e9 sans le texte qui l\u2019accompagne.<\/li>\n<\/ul>\n<h2>9. CONFIDENTIALIT\u00c9 DES RENSEIGNEMENT PERSONNELS<\/h2>\n<p>Afin d\u2019assurer le respect de la protection de l\u2019\u00e9change d\u2019informations personnelles et confidentielles entre le Site et l\u2019Utilisateur, Relance Ta G\u00e9n\u00e9ration a mis en place une politique de confidentialit\u00e9, <a href=\"https:\/\/www.relancetageneration.org\/fr\/politique-de-confidentialite\/\">disponible ici<\/a>.<\/p>\n<h2>10. DONNEES SUR LES UTILISATEURS<\/h2>\n<p>Concernant la visite des Utilisateurs sur le Site, certains renseignements pourraient \u00eatre recueillis qui ne sont pas des renseignements personnels, ce qui inclut par exemple le type de navigateur Internet utilis\u00e9, le syst\u00e8me d\u2019exploitation de l\u2019ordinateur et le nom de domaine du Site Internet ou du fournisseur de services Internet \u00e0 partir duquel l\u2019Utilisateur est arriv\u00e9 sur le Site. Ces donn\u00e9es sur les Utilisateurs peuvent servir \u00e0 am\u00e9liorer le contenu du Site et aider \u00e0 d\u00e9terminer les fonctions et services qui comptent le plus pour les utilisateurs.<\/p>\n<h2>11. RESPONSABILITES<\/h2>\n<p><strong>11.1. Frais<\/strong> &#8211; L\u2019utilisateur du Site est responsable des frais r\u00e9sultants de son utilisation, tels que, mais non limitativement, les frais li\u00e9s aux donn\u00e9es ou d\u00e9passement de donn\u00e9es cellulaires.<\/p>\n<h3>UTILISATION DES PRODUITS ET SERVICES<\/h3>\n<p>Relance Ta G\u00e9n\u00e9ration ne peut \u00eatre tenue responsable de l\u2019usage du Site que font les Utilisateurs, ainsi que des produits advenant le cas, et des services offerts.<\/p>\n<h2>12. EXACTITUDE DE L\u2019INFORMATION<\/h2>\n<p>L\u2019Utilisateur assume l\u2019enti\u00e8re responsabilit\u00e9 et la totalit\u00e9 des risques d\u00e9coulant de l\u2019utilisation du Site. Relance Ta G\u00e9n\u00e9ration d\u00e9ploie et continuera de fournir des efforts raisonnables afin de publier une Information exacte et \u00e0 jour.<\/p>\n<p>Notre Site pourrait contenir des inexactitudes ou des fautes typographiques qui peuvent \u00eatre corrig\u00e9es, apr\u00e8s avoir \u00e9t\u00e9 constat\u00e9es, dans l\u2019\u00e9ventualit\u00e9 o\u00f9 Relance Ta G\u00e9n\u00e9ration le juge utile, sans notification au pr\u00e9alable. Relance Ta G\u00e9n\u00e9ration se r\u00e9serve \u00e9galement le droit d\u2019annuler toute commande qui aura \u00e9t\u00e9 faite sous le pr\u00e9texte d\u2019une telle erreur.<\/p>\n<p>Relance Ta G\u00e9n\u00e9ration, ses employ\u00e9s, directeurs, membres de la direction, administrateurs, mandataires ou les tiers avec lesquels le Site s\u2019associe occasionnellement ne sauraient voir leur responsabilit\u00e9 engag\u00e9e au titre d\u2019\u00e9ventuels dommages directs, indirects ou fortuits r\u00e9sultant de l\u2019utilisation ou l\u2019inaptitude \u00e0 utiliser le Site ou pour toute erreur ou toute omission dans l\u2019information publi\u00e9e sur le Site.<\/p>\n<p>Dans l\u2019\u00e9ventualit\u00e9 o\u00f9 l\u2019utilisateur est insatisfait du Site, de l\u2019Information obtenue, du service rendu ou s\u2019il n\u2019adh\u00e8re pas aux Conditions, l\u2019unique alternative \u00e0 sa disposition consiste \u00e0 ne pas utiliser le Site.<\/p>\n<h2>13. RESPONSABILITES LIMITEES<\/h2>\n<p>Relance Ta G\u00e9n\u00e9ration ne sera en aucun cas responsable des interruptions de services attribuables aux caract\u00e9ristiques et aux limites du r\u00e9seau Internet, notamment dans le cas d\u2019interruption des r\u00e9seaux d\u2019acc\u00e8s, des performances<br \/>\ntechniques et des d\u00e9lais de r\u00e9ponse pour consulter le contenu num\u00e9rique du Site.<\/p>\n<p>En raison des caract\u00e9ristiques intrins\u00e8ques d\u2019Internet, nous n\u2019offrons aucune garantie contre les risques de d\u00e9tournement, d\u2019intrusion, de contamination ou de piratage des donn\u00e9es, fichiers et programmes. Il appartient \u00e0 l\u2019utilisateur de prendre toutes les mesures appropri\u00e9es afin de prot\u00e9ger ses propres donn\u00e9es, fichiers et programmes, entre autres de se pr\u00e9munir contre les virus informatiques.<\/p>\n<p>Relance Ta G\u00e9n\u00e9ration ne peut \u00eatre tenu responsable du mat\u00e9riel que l\u2019utilisateur juge offensant, ind\u00e9cent ou choquant. Malgr\u00e9 les multiples efforts du Site, des informations manquantes et erreurs peuvent survenir.<\/p>\n<h2>14. ABSENCE DE LIEN DE DEPENDANCE<\/h2>\n<p>Aucune relation d&rsquo;agence, d&rsquo;association, d&rsquo;entreprise, d&#8217;employ\u00e9-employeur ou de franchis\u00e9-franchiseur ne r\u00e9sulte des pr\u00e9sentes Conditions d\u2019utilisation.<\/p>\n<h2>15. DISPONIBILITE DU SERVICE<\/h2>\n<p>Les produits et les services fournis \u00e0 travers ce Site sont disponibles tels quels et en fonction des disponibilit\u00e9s uniquement. Relance Ta G\u00e9n\u00e9ration n\u2019est pas responsable de toute perte, directe ou indirecte, sup\u00e9rieur au prix des produits achet\u00e9s.<\/p>\n<h2>16. LIENS SORTANTS<\/h2>\n<p>Le Site peut diriger vers d\u2019autres sites dont Relance Ta G\u00e9n\u00e9ration ou de ses entit\u00e9s affili\u00e9es n\u2019(a)ont pas le contr\u00f4le. Un lien ne devrait en aucun cas \u00eatre consid\u00e9r\u00e9 comme un endossement de la part de Relance Ta G\u00e9n\u00e9ration, qui ne peut en aucun cas \u00eatre tenue responsable des \u00e9ventuels dommages survenant \u00e0 la suite d\u2019une visite sur une page par un lien sortant.<\/p>\n<h2>17. USAGE ILLEGAL<\/h2>\n<p>Il est ill\u00e9gal d\u2019utiliser les services du Site \u00e0 des fins ill\u00e9gales ou destructrices. Cela comprend \u00e9galement de tenter d\u2019endommager, de d\u00e9sactiver, de surcharger ou de toute autre mani\u00e8re compromettre le Site.<br \/>\nAcc\u00e9der ou tenter d\u2019acc\u00e9der \u00e0 des informations mises \u00e0 la disposition de l\u2019utilisateur non intentionnellement est ill\u00e9gale et pourrait entra\u00eener des poursuites civiles ou p\u00e9nales.<\/p>\n<h2>18. LOI APPLICABLE<\/h2>\n<p>Le Site est op\u00e9r\u00e9 \u00e0 partir de la province de Qu\u00e9bec au Canada. Tout conflit pouvant survenir entre un Utilisateur et Relance Ta g\u00e9n\u00e9ration pour les op\u00e9rations effectu\u00e9e \u00e0 travers ce Site sera donc r\u00e9gi par les lois applicables dans la province du Qu\u00e9bec et du Canada lorsqu\u2019applicable et soumis aux Tribunaux du district judiciaire de Montr\u00e9al.<\/p>\n<h2>19. SERVICE DE L\u2019UTILISATEUR<\/h2>\n<p>Les questionnements de l\u2019Utilisateur concernant le pr\u00e9sent document peuvent \u00eatre soumis par courriel \u00e0 l\u2019adresse suivante : <a href=\"mailto:info@relancetageneration.org\">info@relancetageneration.org<\/a>.<\/p>\n<h2>20. INTERPRETATION DE LA POLITIQUE<\/h2>\n<p>Advenant des divergences entre la version fran\u00e7aise des Conditions d\u2019utilisation et la version anglaise, la version fran\u00e7aise pr\u00e9vaut.<\/p>\n<\/div><\/div><\/div><\/div><\/div>\n","protected":false},"excerpt":{"rendered":"","protected":false},"author":2,"featured_media":0,"parent":0,"menu_order":0,"comment_status":"closed","ping_status":"closed","template":"","meta":{"footnotes":""},"class_list":["post-2965","page","type-page","status-publish","hentry"],"yoast_head":"<!-- This site is optimized with the Yoast SEO plugin v26.7 - https:\/\/yoast.com\/wordpress\/plugins\/seo\/ -->\n<title>Conditions g\u00e9n\u00e9rales d&#039;utilisation du site - Minist\u00e8re relance ta g\u00e9n\u00e9ration<\/title>\n<meta name=\"robots\" content=\"index, follow, max-snippet:-1, max-image-preview:large, max-video-preview:-1\" \/>\n<link rel=\"canonical\" href=\"https:\/\/www.relancetageneration.org\/fr\/conditions-d-utilisation\/\" \/>\n<meta property=\"og:locale\" content=\"fr_FR\" \/>\n<meta property=\"og:type\" content=\"article\" \/>\n<meta property=\"og:title\" content=\"Conditions g\u00e9n\u00e9rales d&#039;utilisation du site - Minist\u00e8re relance ta g\u00e9n\u00e9ration\" \/>\n<meta property=\"og:url\" content=\"https:\/\/www.relancetageneration.org\/fr\/conditions-d-utilisation\/\" \/>\n<meta property=\"og:site_name\" content=\"Minist\u00e8re relance ta g\u00e9n\u00e9ration\" \/>\n<meta property=\"article:modified_time\" content=\"2024-04-16T17:34:06+00:00\" \/>\n<meta name=\"twitter:card\" content=\"summary_large_image\" \/>\n<meta name=\"twitter:label1\" content=\"Dur\u00e9e de lecture estim\u00e9e\" \/>\n\t<meta name=\"twitter:data1\" content=\"10 minutes\" \/>\n<script type=\"application\/ld+json\" class=\"yoast-schema-graph\">{\"@context\":\"https:\/\/schema.org\",\"@graph\":[{\"@type\":\"WebPage\",\"@id\":\"https:\/\/www.relancetageneration.org\/fr\/conditions-d-utilisation\/\",\"url\":\"https:\/\/www.relancetageneration.org\/fr\/conditions-d-utilisation\/\",\"name\":\"Conditions g\u00e9n\u00e9rales d'utilisation du site - Minist\u00e8re relance ta g\u00e9n\u00e9ration\",\"isPartOf\":{\"@id\":\"https:\/\/www.relancetageneration.org\/fr\/#website\"},\"datePublished\":\"2021-08-26T18:04:33+00:00\",\"dateModified\":\"2024-04-16T17:34:06+00:00\",\"breadcrumb\":{\"@id\":\"https:\/\/www.relancetageneration.org\/fr\/conditions-d-utilisation\/#breadcrumb\"},\"inLanguage\":\"fr-FR\",\"potentialAction\":[{\"@type\":\"ReadAction\",\"target\":[\"https:\/\/www.relancetageneration.org\/fr\/conditions-d-utilisation\/\"]}]},{\"@type\":\"BreadcrumbList\",\"@id\":\"https:\/\/www.relancetageneration.org\/fr\/conditions-d-utilisation\/#breadcrumb\",\"itemListElement\":[{\"@type\":\"ListItem\",\"position\":1,\"name\":\"Accueil\",\"item\":\"https:\/\/www.relancetageneration.org\/fr\/\"},{\"@type\":\"ListItem\",\"position\":2,\"name\":\"Conditions g\u00e9n\u00e9rales d&rsquo;utilisation du site\"}]},{\"@type\":\"WebSite\",\"@id\":\"https:\/\/www.relancetageneration.org\/fr\/#website\",\"url\":\"https:\/\/www.relancetageneration.org\/fr\/\",\"name\":\"Minist\u00e8re relance ta g\u00e9n\u00e9ration\",\"description\":\"\",\"potentialAction\":[{\"@type\":\"SearchAction\",\"target\":{\"@type\":\"EntryPoint\",\"urlTemplate\":\"https:\/\/www.relancetageneration.org\/fr\/?s={search_term_string}\"},\"query-input\":{\"@type\":\"PropertyValueSpecification\",\"valueRequired\":true,\"valueName\":\"search_term_string\"}}],\"inLanguage\":\"fr-FR\"}]}<\/script>\n<!-- \/ Yoast SEO plugin. -->","yoast_head_json":{"title":"Conditions g\u00e9n\u00e9rales d'utilisation du site - Minist\u00e8re relance ta g\u00e9n\u00e9ration","robots":{"index":"index","follow":"follow","max-snippet":"max-snippet:-1","max-image-preview":"max-image-preview:large","max-video-preview":"max-video-preview:-1"},"canonical":"https:\/\/www.relancetageneration.org\/fr\/conditions-d-utilisation\/","og_locale":"fr_FR","og_type":"article","og_title":"Conditions g\u00e9n\u00e9rales d'utilisation du site - Minist\u00e8re relance ta g\u00e9n\u00e9ration","og_url":"https:\/\/www.relancetageneration.org\/fr\/conditions-d-utilisation\/","og_site_name":"Minist\u00e8re relance ta g\u00e9n\u00e9ration","article_modified_time":"2024-04-16T17:34:06+00:00","twitter_card":"summary_large_image","twitter_misc":{"Dur\u00e9e de lecture estim\u00e9e":"10 minutes"},"schema":{"@context":"https:\/\/schema.org","@graph":[{"@type":"WebPage","@id":"https:\/\/www.relancetageneration.org\/fr\/conditions-d-utilisation\/","url":"https:\/\/www.relancetageneration.org\/fr\/conditions-d-utilisation\/","name":"Conditions g\u00e9n\u00e9rales d'utilisation du site - Minist\u00e8re relance ta g\u00e9n\u00e9ration","isPartOf":{"@id":"https:\/\/www.relancetageneration.org\/fr\/#website"},"datePublished":"2021-08-26T18:04:33+00:00","dateModified":"2024-04-16T17:34:06+00:00","breadcrumb":{"@id":"https:\/\/www.relancetageneration.org\/fr\/conditions-d-utilisation\/#breadcrumb"},"inLanguage":"fr-FR","potentialAction":[{"@type":"ReadAction","target":["https:\/\/www.relancetageneration.org\/fr\/conditions-d-utilisation\/"]}]},{"@type":"BreadcrumbList","@id":"https:\/\/www.relancetageneration.org\/fr\/conditions-d-utilisation\/#breadcrumb","itemListElement":[{"@type":"ListItem","position":1,"name":"Accueil","item":"https:\/\/www.relancetageneration.org\/fr\/"},{"@type":"ListItem","position":2,"name":"Conditions g\u00e9n\u00e9rales d&rsquo;utilisation du site"}]},{"@type":"WebSite","@id":"https:\/\/www.relancetageneration.org\/fr\/#website","url":"https:\/\/www.relancetageneration.org\/fr\/","name":"Minist\u00e8re relance ta g\u00e9n\u00e9ration","description":"","potentialAction":[{"@type":"SearchAction","target":{"@type":"EntryPoint","urlTemplate":"https:\/\/www.relancetageneration.org\/fr\/?s={search_term_string}"},"query-input":{"@type":"PropertyValueSpecification","valueRequired":true,"valueName":"search_term_string"}}],"inLanguage":"fr-FR"}]}},"_links":{"self":[{"href":"https:\/\/www.relancetageneration.org\/fr\/wp-json\/wp\/v2\/pages\/2965","targetHints":{"allow":["GET"]}}],"collection":[{"href":"https:\/\/www.relancetageneration.org\/fr\/wp-json\/wp\/v2\/pages"}],"about":[{"href":"https:\/\/www.relancetageneration.org\/fr\/wp-json\/wp\/v2\/types\/page"}],"author":[{"embeddable":true,"href":"https:\/\/www.relancetageneration.org\/fr\/wp-json\/wp\/v2\/users\/2"}],"replies":[{"embeddable":true,"href":"https:\/\/www.relancetageneration.org\/fr\/wp-json\/wp\/v2\/comments?post=2965"}],"version-history":[{"count":5,"href":"https:\/\/www.relancetageneration.org\/fr\/wp-json\/wp\/v2\/pages\/2965\/revisions"}],"predecessor-version":[{"id":3003,"href":"https:\/\/www.relancetageneration.org\/fr\/wp-json\/wp\/v2\/pages\/2965\/revisions\/3003"}],"wp:attachment":[{"href":"https:\/\/www.relancetageneration.org\/fr\/wp-json\/wp\/v2\/media?parent=2965"}],"curies":[{"name":"wp","href":"https:\/\/api.w.org\/{rel}","templated":true}]}}