{"id":3038,"date":"2024-02-12T15:53:11","date_gmt":"2024-02-12T20:53:11","guid":{"rendered":"https:\/\/www.relancetageneration.org\/?page_id=3038"},"modified":"2024-02-12T16:00:10","modified_gmt":"2024-02-12T21:00:10","slug":"consentement-au-temoin","status":"publish","type":"page","link":"https:\/\/www.relancetageneration.org\/fr\/consentement-au-temoin\/","title":{"rendered":"Consentement au t\u00e9moin"},"content":{"rendered":"<div class=\"fusion-fullwidth fullwidth-box fusion-builder-row-1 fusion-flex-container nonhundred-percent-fullwidth non-hundred-percent-height-scrolling\" style=\"--awb-border-radius-top-left:0px;--awb-border-radius-top-right:0px;--awb-border-radius-bottom-right:0px;--awb-border-radius-bottom-left:0px;--awb-flex-wrap:wrap;\" ><div class=\"fusion-builder-row fusion-row fusion-flex-align-items-flex-start fusion-flex-content-wrap\" style=\"max-width:1352px;margin-left: calc(-4% \/ 2 );margin-right: calc(-4% \/ 2 );\"><div class=\"fusion-layout-column fusion_builder_column fusion-builder-column-0 fusion_builder_column_1_1 1_1 fusion-flex-column\" style=\"--awb-bg-size:cover;--awb-width-large:100%;--awb-margin-top-large:0px;--awb-spacing-right-large:1.92%;--awb-margin-bottom-large:20px;--awb-spacing-left-large:1.92%;--awb-width-medium:100%;--awb-order-medium:0;--awb-spacing-right-medium:1.92%;--awb-spacing-left-medium:1.92%;--awb-width-small:100%;--awb-order-small:0;--awb-spacing-right-small:1.92%;--awb-spacing-left-small:1.92%;\"><div class=\"fusion-column-wrapper fusion-column-has-shadow fusion-flex-justify-content-flex-start fusion-content-layout-column\"><div class=\"fusion-text fusion-text-1\"><h1>Consentement au t\u00e9moin<\/h1>\n<p>Nous utilisons des t\u00e9moins pour vous aider \u00e0 naviguer efficacement et \u00e0 ex\u00e9cuter certaines fonctionnalit\u00e9s. Vous trouverez des informations d\u00e9taill\u00e9es sur tous les t\u00e9moins sous chaque cat\u00e9gorie de consentement ci-dessous. Les t\u00e9moins qui sont cat\u00e9goris\u00e9s comme \u00ab n\u00e9cessaires \u00bb sont stock\u00e9s sur votre navigateur car ils sont essentiels pour permettre les fonctionnalit\u00e9s de base du site. Nous utilisons \u00e9galement des t\u00e9moins tiers qui nous aident \u00e0 analyser la fa\u00e7on dont vous utilisez ce site web, \u00e0 enregistrer vos pr\u00e9f\u00e9rences et \u00e0 vous fournir le contenu et les publicit\u00e9s qui vous sont pertinents. Ces t\u00e9moins ne seront stock\u00e9s dans votre navigateur qu&rsquo;avec votre consentement pr\u00e9alable. Vous pouvez choisir d&rsquo;activer ou de d\u00e9sactiver tout ou partie de ces t\u00e9moins, mais la d\u00e9sactivation de certains d&rsquo;entre eux peut affecter votre exp\u00e9rience de navigation.<\/p>\n<p>En cliquant sur Accepter tous les t\u00e9moins, vous acceptez qu\u2019ils soient stock\u00e9s sur votre ordinateur ou votre appareil afin d\u2019am\u00e9liorer la navigation sur notre site internet, d\u2019analyser l\u2019utilisation de notre site internet et de contribuer \u00e0 nos efforts de marketing. Consultez notre <a href=\"https:\/\/www.relancetageneration.org\/fr\/politique-de-confidentialite\/\">Politique de confidentialit\u00e9<\/a> pour plus d\u2019informations.<\/p>\n<\/div><\/div><\/div><\/div><\/div>\n","protected":false},"excerpt":{"rendered":"","protected":false},"author":2,"featured_media":0,"parent":0,"menu_order":0,"comment_status":"closed","ping_status":"closed","template":"","meta":{"footnotes":""},"class_list":["post-3038","page","type-page","status-publish","hentry"],"yoast_head":"<!-- This site is optimized with the Yoast SEO plugin v26.7 - https:\/\/yoast.com\/wordpress\/plugins\/seo\/ -->\n<title>Consentement au t\u00e9moin - Minist\u00e8re relance ta g\u00e9n\u00e9ration<\/title>\n<meta name=\"robots\" content=\"index, follow, max-snippet:-1, max-image-preview:large, max-video-preview:-1\" \/>\n<link rel=\"canonical\" href=\"https:\/\/www.relancetageneration.org\/fr\/consentement-au-temoin\/\" \/>\n<meta property=\"og:locale\" content=\"fr_FR\" \/>\n<meta property=\"og:type\" content=\"article\" \/>\n<meta property=\"og:title\" content=\"Consentement au t\u00e9moin - Minist\u00e8re relance ta g\u00e9n\u00e9ration\" \/>\n<meta property=\"og:url\" content=\"https:\/\/www.relancetageneration.org\/fr\/consentement-au-temoin\/\" \/>\n<meta property=\"og:site_name\" content=\"Minist\u00e8re relance ta g\u00e9n\u00e9ration\" \/>\n<meta property=\"article:modified_time\" content=\"2024-02-12T21:00:10+00:00\" \/>\n<meta name=\"twitter:card\" content=\"summary_large_image\" \/>\n<meta name=\"twitter:label1\" content=\"Dur\u00e9e de lecture estim\u00e9e\" \/>\n\t<meta name=\"twitter:data1\" content=\"1 minute\" \/>\n<script type=\"application\/ld+json\" class=\"yoast-schema-graph\">{\"@context\":\"https:\/\/schema.org\",\"@graph\":[{\"@type\":\"WebPage\",\"@id\":\"https:\/\/www.relancetageneration.org\/fr\/consentement-au-temoin\/\",\"url\":\"https:\/\/www.relancetageneration.org\/fr\/consentement-au-temoin\/\",\"name\":\"Consentement au t\u00e9moin - Minist\u00e8re relance ta g\u00e9n\u00e9ration\",\"isPartOf\":{\"@id\":\"https:\/\/www.relancetageneration.org\/fr\/#website\"},\"datePublished\":\"2024-02-12T20:53:11+00:00\",\"dateModified\":\"2024-02-12T21:00:10+00:00\",\"breadcrumb\":{\"@id\":\"https:\/\/www.relancetageneration.org\/fr\/consentement-au-temoin\/#breadcrumb\"},\"inLanguage\":\"fr-FR\",\"potentialAction\":[{\"@type\":\"ReadAction\",\"target\":[\"https:\/\/www.relancetageneration.org\/fr\/consentement-au-temoin\/\"]}]},{\"@type\":\"BreadcrumbList\",\"@id\":\"https:\/\/www.relancetageneration.org\/fr\/consentement-au-temoin\/#breadcrumb\",\"itemListElement\":[{\"@type\":\"ListItem\",\"position\":1,\"name\":\"Accueil\",\"item\":\"https:\/\/www.relancetageneration.org\/fr\/\"},{\"@type\":\"ListItem\",\"position\":2,\"name\":\"Consentement au t\u00e9moin\"}]},{\"@type\":\"WebSite\",\"@id\":\"https:\/\/www.relancetageneration.org\/fr\/#website\",\"url\":\"https:\/\/www.relancetageneration.org\/fr\/\",\"name\":\"Minist\u00e8re relance ta g\u00e9n\u00e9ration\",\"description\":\"\",\"potentialAction\":[{\"@type\":\"SearchAction\",\"target\":{\"@type\":\"EntryPoint\",\"urlTemplate\":\"https:\/\/www.relancetageneration.org\/fr\/?s={search_term_string}\"},\"query-input\":{\"@type\":\"PropertyValueSpecification\",\"valueRequired\":true,\"valueName\":\"search_term_string\"}}],\"inLanguage\":\"fr-FR\"}]}<\/script>\n<!-- \/ Yoast SEO plugin. -->","yoast_head_json":{"title":"Consentement au t\u00e9moin - Minist\u00e8re relance ta g\u00e9n\u00e9ration","robots":{"index":"index","follow":"follow","max-snippet":"max-snippet:-1","max-image-preview":"max-image-preview:large","max-video-preview":"max-video-preview:-1"},"canonical":"https:\/\/www.relancetageneration.org\/fr\/consentement-au-temoin\/","og_locale":"fr_FR","og_type":"article","og_title":"Consentement au t\u00e9moin - Minist\u00e8re relance ta g\u00e9n\u00e9ration","og_url":"https:\/\/www.relancetageneration.org\/fr\/consentement-au-temoin\/","og_site_name":"Minist\u00e8re relance ta g\u00e9n\u00e9ration","article_modified_time":"2024-02-12T21:00:10+00:00","twitter_card":"summary_large_image","twitter_misc":{"Dur\u00e9e de lecture estim\u00e9e":"1 minute"},"schema":{"@context":"https:\/\/schema.org","@graph":[{"@type":"WebPage","@id":"https:\/\/www.relancetageneration.org\/fr\/consentement-au-temoin\/","url":"https:\/\/www.relancetageneration.org\/fr\/consentement-au-temoin\/","name":"Consentement au t\u00e9moin - Minist\u00e8re relance ta g\u00e9n\u00e9ration","isPartOf":{"@id":"https:\/\/www.relancetageneration.org\/fr\/#website"},"datePublished":"2024-02-12T20:53:11+00:00","dateModified":"2024-02-12T21:00:10+00:00","breadcrumb":{"@id":"https:\/\/www.relancetageneration.org\/fr\/consentement-au-temoin\/#breadcrumb"},"inLanguage":"fr-FR","potentialAction":[{"@type":"ReadAction","target":["https:\/\/www.relancetageneration.org\/fr\/consentement-au-temoin\/"]}]},{"@type":"BreadcrumbList","@id":"https:\/\/www.relancetageneration.org\/fr\/consentement-au-temoin\/#breadcrumb","itemListElement":[{"@type":"ListItem","position":1,"name":"Accueil","item":"https:\/\/www.relancetageneration.org\/fr\/"},{"@type":"ListItem","position":2,"name":"Consentement au t\u00e9moin"}]},{"@type":"WebSite","@id":"https:\/\/www.relancetageneration.org\/fr\/#website","url":"https:\/\/www.relancetageneration.org\/fr\/","name":"Minist\u00e8re relance ta g\u00e9n\u00e9ration","description":"","potentialAction":[{"@type":"SearchAction","target":{"@type":"EntryPoint","urlTemplate":"https:\/\/www.relancetageneration.org\/fr\/?s={search_term_string}"},"query-input":{"@type":"PropertyValueSpecification","valueRequired":true,"valueName":"search_term_string"}}],"inLanguage":"fr-FR"}]}},"_links":{"self":[{"href":"https:\/\/www.relancetageneration.org\/fr\/wp-json\/wp\/v2\/pages\/3038","targetHints":{"allow":["GET"]}}],"collection":[{"href":"https:\/\/www.relancetageneration.org\/fr\/wp-json\/wp\/v2\/pages"}],"about":[{"href":"https:\/\/www.relancetageneration.org\/fr\/wp-json\/wp\/v2\/types\/page"}],"author":[{"embeddable":true,"href":"https:\/\/www.relancetageneration.org\/fr\/wp-json\/wp\/v2\/users\/2"}],"replies":[{"embeddable":true,"href":"https:\/\/www.relancetageneration.org\/fr\/wp-json\/wp\/v2\/comments?post=3038"}],"version-history":[{"count":3,"href":"https:\/\/www.relancetageneration.org\/fr\/wp-json\/wp\/v2\/pages\/3038\/revisions"}],"predecessor-version":[{"id":3041,"href":"https:\/\/www.relancetageneration.org\/fr\/wp-json\/wp\/v2\/pages\/3038\/revisions\/3041"}],"wp:attachment":[{"href":"https:\/\/www.relancetageneration.org\/fr\/wp-json\/wp\/v2\/media?parent=3038"}],"curies":[{"name":"wp","href":"https:\/\/api.w.org\/{rel}","templated":true}]}}